{"id":305,"date":"2023-07-11T18:40:12","date_gmt":"2023-07-11T18:40:12","guid":{"rendered":"https:\/\/erenebrinc.com.tr\/?page_id=305"},"modified":"2024-03-19T21:40:21","modified_gmt":"2024-03-19T21:40:21","slug":"about-us","status":"publish","type":"page","link":"https:\/\/miadent.com\/en\/about-us\/","title":{"rendered":"ABOUT US"},"content":{"rendered":"<iframe loading=\"lazy\" title=\"M\u0130ADENT | YEN\u0130 NES\u0130L D\u0130\u015e HASTANES\u0130\" width=\"840\" height=\"473\" src=\"https:\/\/www.youtube.com\/embed\/4r65ev21X6c?feature=oembed\" frameborder=\"0\" allow=\"accelerometer; autoplay; clipboard-write; encrypted-media; gyroscope; picture-in-picture; web-share\" allowfullscreen><\/iframe>\r\n\r\n\r\n<p>It is a complete new generation oral and dental health complex with its own operating theater CAD\/CAM (manufacturing-design and application area) Emergency department 21 examination rooms Children&#8217;s Playground Meeting room Dining hall Waiting halls Valet service. Miadent Oral and Dental Health Center gives you the chance to solve all your oral and dental health problems in a single center in expert hands.<\/p>\r\n","protected":false},"excerpt":{"rendered":"<p>It is a complete new generation oral and dental health complex with its own operating theater CAD\/CAM (manufacturing-design and application area) Emergency department 21 examination rooms Children&#8217;s Playground Meeting room Dining hall Waiting halls Valet service. Miadent Oral and Dental Health Center gives you the chance to solve all your oral and dental health problems &hellip; <a href=\"https:\/\/miadent.com\/en\/about-us\/\" class=\"more-link\">Okumaya devam et<span class=\"screen-reader-text\"> &#8220;ABOUT US&#8221;<\/span><\/a><\/p>\n","protected":false},"author":1,"featured_media":0,"parent":0,"menu_order":0,"comment_status":"closed","ping_status":"closed","template":"","meta":{"footnotes":""},"class_list":["post-305","page","type-page","status-publish","hentry"],"yoast_head":"<!-- This site is optimized with the Yoast SEO plugin v20.11 - https:\/\/yoast.com\/wordpress\/plugins\/seo\/ -->\n<title>ABOUT US - Miadent New Generation Dental Hospital<\/title>\n<meta name=\"robots\" content=\"index, follow, max-snippet:-1, max-image-preview:large, max-video-preview:-1\" \/>\n<link rel=\"canonical\" href=\"https:\/\/miadent.com\/en\/about-us\/\" \/>\n<meta property=\"og:locale\" content=\"tr_TR\" \/>\n<meta property=\"og:type\" content=\"article\" \/>\n<meta property=\"og:title\" content=\"ABOUT US - Miadent New Generation Dental Hospital\" \/>\n<meta property=\"og:description\" content=\"It is a complete new generation oral and dental health complex with its own operating theater CAD\/CAM (manufacturing-design and application area) Emergency department 21 examination rooms Children&#8217;s Playground Meeting room Dining hall Waiting halls Valet service. Miadent Oral and Dental Health Center gives you the chance to solve all your oral and dental health problems &hellip; Okumaya devam et &quot;ABOUT US&quot;\" \/>\n<meta property=\"og:url\" content=\"https:\/\/miadent.com\/en\/about-us\/\" \/>\n<meta property=\"og:site_name\" content=\"Miadent New Generation Dental Hospital\" \/>\n<meta property=\"article:publisher\" content=\"https:\/\/www.facebook.com\/miadentdis\/\" \/>\n<meta property=\"article:modified_time\" content=\"2024-03-19T21:40:21+00:00\" \/>\n<meta name=\"twitter:card\" content=\"summary_large_image\" \/>\n<meta name=\"twitter:label1\" content=\"Tahmini okuma s\u00fcresi\" \/>\n\t<meta name=\"twitter:data1\" content=\"1 dakika\" \/>\n<script type=\"application\/ld+json\" class=\"yoast-schema-graph\">{\"@context\":\"https:\/\/schema.org\",\"@graph\":[{\"@type\":\"WebPage\",\"@id\":\"https:\/\/miadent.com\/en\/about-us\/\",\"url\":\"https:\/\/miadent.com\/en\/about-us\/\",\"name\":\"ABOUT US - Miadent New Generation Dental Hospital\",\"isPartOf\":{\"@id\":\"https:\/\/miadent.com\/en\/#website\"},\"datePublished\":\"2023-07-11T18:40:12+00:00\",\"dateModified\":\"2024-03-19T21:40:21+00:00\",\"breadcrumb\":{\"@id\":\"https:\/\/miadent.com\/en\/about-us\/#breadcrumb\"},\"inLanguage\":\"tr\",\"potentialAction\":[{\"@type\":\"ReadAction\",\"target\":[\"https:\/\/miadent.com\/en\/about-us\/\"]}]},{\"@type\":\"BreadcrumbList\",\"@id\":\"https:\/\/miadent.com\/en\/about-us\/#breadcrumb\",\"itemListElement\":[{\"@type\":\"ListItem\",\"position\":1,\"name\":\"Anasayfa\",\"item\":\"https:\/\/miadent.com\/en\/\"},{\"@type\":\"ListItem\",\"position\":2,\"name\":\"ABOUT US\"}]},{\"@type\":\"WebSite\",\"@id\":\"https:\/\/miadent.com\/en\/#website\",\"url\":\"https:\/\/miadent.com\/en\/\",\"name\":\"Miadent\",\"description\":\"Ankara Dental Hospital\",\"publisher\":{\"@id\":\"https:\/\/miadent.com\/en\/#organization\"},\"potentialAction\":[{\"@type\":\"SearchAction\",\"target\":{\"@type\":\"EntryPoint\",\"urlTemplate\":\"https:\/\/miadent.com\/en\/?s={search_term_string}\"},\"query-input\":\"required name=search_term_string\"}],\"inLanguage\":\"tr\"},{\"@type\":\"Organization\",\"@id\":\"https:\/\/miadent.com\/en\/#organization\",\"name\":\"Yeni Nesil Di\u015f Hastanesi\",\"url\":\"https:\/\/miadent.com\/en\/\",\"logo\":{\"@type\":\"ImageObject\",\"inLanguage\":\"tr\",\"@id\":\"https:\/\/miadent.com\/en\/#\/schema\/logo\/image\/\",\"url\":\"https:\/\/miadent.com\/en\/wp-content\/uploads\/2023\/03\/miadent_logo.png\",\"contentUrl\":\"https:\/\/miadent.com\/en\/wp-content\/uploads\/2023\/03\/miadent_logo.png\",\"width\":512,\"height\":512,\"caption\":\"Yeni Nesil Di\u015f Hastanesi\"},\"image\":{\"@id\":\"https:\/\/miadent.com\/en\/#\/schema\/logo\/image\/\"},\"sameAs\":[\"https:\/\/www.facebook.com\/miadentdis\/\"]}]}<\/script>\n<!-- \/ Yoast SEO plugin. -->","yoast_head_json":{"title":"ABOUT US - Miadent New Generation Dental Hospital","robots":{"index":"index","follow":"follow","max-snippet":"max-snippet:-1","max-image-preview":"max-image-preview:large","max-video-preview":"max-video-preview:-1"},"canonical":"https:\/\/miadent.com\/en\/about-us\/","og_locale":"tr_TR","og_type":"article","og_title":"ABOUT US - Miadent New Generation Dental Hospital","og_description":"It is a complete new generation oral and dental health complex with its own operating theater CAD\/CAM (manufacturing-design and application area) Emergency department 21 examination rooms Children&#8217;s Playground Meeting room Dining hall Waiting halls Valet service. Miadent Oral and Dental Health Center gives you the chance to solve all your oral and dental health problems &hellip; Okumaya devam et \"ABOUT US\"","og_url":"https:\/\/miadent.com\/en\/about-us\/","og_site_name":"Miadent New Generation Dental Hospital","article_publisher":"https:\/\/www.facebook.com\/miadentdis\/","article_modified_time":"2024-03-19T21:40:21+00:00","twitter_card":"summary_large_image","twitter_misc":{"Tahmini okuma s\u00fcresi":"1 dakika"},"schema":{"@context":"https:\/\/schema.org","@graph":[{"@type":"WebPage","@id":"https:\/\/miadent.com\/en\/about-us\/","url":"https:\/\/miadent.com\/en\/about-us\/","name":"ABOUT US - Miadent New Generation Dental Hospital","isPartOf":{"@id":"https:\/\/miadent.com\/en\/#website"},"datePublished":"2023-07-11T18:40:12+00:00","dateModified":"2024-03-19T21:40:21+00:00","breadcrumb":{"@id":"https:\/\/miadent.com\/en\/about-us\/#breadcrumb"},"inLanguage":"tr","potentialAction":[{"@type":"ReadAction","target":["https:\/\/miadent.com\/en\/about-us\/"]}]},{"@type":"BreadcrumbList","@id":"https:\/\/miadent.com\/en\/about-us\/#breadcrumb","itemListElement":[{"@type":"ListItem","position":1,"name":"Anasayfa","item":"https:\/\/miadent.com\/en\/"},{"@type":"ListItem","position":2,"name":"ABOUT US"}]},{"@type":"WebSite","@id":"https:\/\/miadent.com\/en\/#website","url":"https:\/\/miadent.com\/en\/","name":"Miadent","description":"Ankara Dental Hospital","publisher":{"@id":"https:\/\/miadent.com\/en\/#organization"},"potentialAction":[{"@type":"SearchAction","target":{"@type":"EntryPoint","urlTemplate":"https:\/\/miadent.com\/en\/?s={search_term_string}"},"query-input":"required name=search_term_string"}],"inLanguage":"tr"},{"@type":"Organization","@id":"https:\/\/miadent.com\/en\/#organization","name":"Yeni Nesil Di\u015f Hastanesi","url":"https:\/\/miadent.com\/en\/","logo":{"@type":"ImageObject","inLanguage":"tr","@id":"https:\/\/miadent.com\/en\/#\/schema\/logo\/image\/","url":"https:\/\/miadent.com\/en\/wp-content\/uploads\/2023\/03\/miadent_logo.png","contentUrl":"https:\/\/miadent.com\/en\/wp-content\/uploads\/2023\/03\/miadent_logo.png","width":512,"height":512,"caption":"Yeni Nesil Di\u015f Hastanesi"},"image":{"@id":"https:\/\/miadent.com\/en\/#\/schema\/logo\/image\/"},"sameAs":["https:\/\/www.facebook.com\/miadentdis\/"]}]}},"_links":{"self":[{"href":"https:\/\/miadent.com\/en\/wp-json\/wp\/v2\/pages\/305","targetHints":{"allow":["GET"]}}],"collection":[{"href":"https:\/\/miadent.com\/en\/wp-json\/wp\/v2\/pages"}],"about":[{"href":"https:\/\/miadent.com\/en\/wp-json\/wp\/v2\/types\/page"}],"author":[{"embeddable":true,"href":"https:\/\/miadent.com\/en\/wp-json\/wp\/v2\/users\/1"}],"replies":[{"embeddable":true,"href":"https:\/\/miadent.com\/en\/wp-json\/wp\/v2\/comments?post=305"}],"version-history":[{"count":4,"href":"https:\/\/miadent.com\/en\/wp-json\/wp\/v2\/pages\/305\/revisions"}],"predecessor-version":[{"id":351,"href":"https:\/\/miadent.com\/en\/wp-json\/wp\/v2\/pages\/305\/revisions\/351"}],"wp:attachment":[{"href":"https:\/\/miadent.com\/en\/wp-json\/wp\/v2\/media?parent=305"}],"curies":[{"name":"wp","href":"https:\/\/api.w.org\/{rel}","templated":true}]}}