{"id":281,"date":"2023-03-02T11:23:15","date_gmt":"2023-03-02T11:23:15","guid":{"rendered":"https:\/\/erenebrinc.com.tr\/?page_id=281"},"modified":"2024-03-19T21:40:40","modified_gmt":"2024-03-19T21:40:40","slug":"doctors","status":"publish","type":"page","link":"https:\/\/miadent.com\/en\/doctors\/","title":{"rendered":"DOCTORS"},"content":{"rendered":"<ul class=\"doctors-list\">\r\n                                                                                 <li class=\"filterDiv [acf field=\"basharf\"]\"><a class=image href=\"https:\/\/miadent.com\/en\/doktorlarimiz\/prof-dr-murat-akkocaoglu\/\" title=\"Prof. Dr. Murat Akkocao\u011flu\"><img decoding=\"async\" class=responsive-img src=\"<br \/>\n<b>Warning<\/b>:  Undefined variable $post_id in <b>\/home\/miadent\/public_html\/en\/wp-content\/plugins\/insert-php-code-snippet\/shortcode-handler.php(99) : eval()'d code<\/b> on line <b>7<\/b><br \/>\nhttps:\/\/miadent.com\/en\/wp-content\/uploads\/2023\/02\/Murat-AKKOCAOGLU-1.jpg\" alt=\"Prof. Dr. Murat Akkocao\u011flu\" width=364 height=378 \/><\/a>\r\n                        <div class=\"info\"><a class=\"title\" href=\"https:\/\/miadent.com\/en\/doktorlarimiz\/prof-dr-murat-akkocaoglu\/\" title=\"Prof. Dr. Murat Akkocao\u011flu\">Prof. Dr. Murat Akkocao\u011flu<\/a>\r\n                            <span class=\"parent\">Oral and Maxillofacial Surgery Specialist<\/span><\/div>\r\n            <\/li>\r\n                             <li class=\"filterDiv [acf field=\"basharf\"]\"><a class=image href=\"https:\/\/miadent.com\/en\/doktorlarimiz\/dt-tahsin-unal\/\" title=\"Dt. Tahsin \u00dcnal\"><img decoding=\"async\" class=responsive-img src=\"<br \/>\n<b>Warning<\/b>:  Undefined variable $post_id in <b>\/home\/miadent\/public_html\/en\/wp-content\/plugins\/insert-php-code-snippet\/shortcode-handler.php(99) : eval()'d code<\/b> on line <b>7<\/b><br \/>\nhttps:\/\/miadent.com\/en\/wp-content\/uploads\/2023\/02\/Untitled-1.jpg\" alt=\"Dt. Tahsin \u00dcnal\" width=364 height=378 \/><\/a>\r\n                        <div class=\"info\"><a class=\"title\" href=\"https:\/\/miadent.com\/en\/doktorlarimiz\/dt-tahsin-unal\/\" title=\"Dt. Tahsin \u00dcnal\">Dt. Tahsin \u00dcnal<\/a>\r\n                            <span class=\"parent\">Chief Physician<\/span><\/div>\r\n            <\/li>\r\n                             <li class=\"filterDiv [acf field=\"basharf\"]\"><a class=image href=\"https:\/\/miadent.com\/en\/doktorlarimiz\/dt-firat-saridag\/\" title=\"Dt. Ferhat Sar\u0131da\u011f\"><img decoding=\"async\" class=responsive-img src=\"<br \/>\n<b>Warning<\/b>:  Undefined variable $post_id in <b>\/home\/miadent\/public_html\/en\/wp-content\/plugins\/insert-php-code-snippet\/shortcode-handler.php(99) : eval()'d code<\/b> on line <b>7<\/b><br \/>\nhttps:\/\/miadent.com\/en\/wp-content\/uploads\/2023\/02\/Ferhat-SARIDAG-1.jpg\" alt=\"Dt. Ferhat Sar\u0131da\u011f\" width=364 height=378 \/><\/a>\r\n                        <div class=\"info\"><a class=\"title\" href=\"https:\/\/miadent.com\/en\/doktorlarimiz\/dt-firat-saridag\/\" title=\"Dt. Ferhat Sar\u0131da\u011f\">Dt. Ferhat Sar\u0131da\u011f<\/a>\r\n                            <span class=\"parent\">Chief Physician<\/span><\/div>\r\n            <\/li>\r\n                             <li class=\"filterDiv [acf field=\"basharf\"]\"><a class=image href=\"https:\/\/miadent.com\/en\/doktorlarimiz\/doc-dr-mehmet-bulbul\/\" title=\"Prof. Dr. Mehmet B\u00fclb\u00fcl\"><img decoding=\"async\" class=responsive-img src=\"<br \/>\n<b>Warning<\/b>:  Undefined variable $post_id in <b>\/home\/miadent\/public_html\/en\/wp-content\/plugins\/insert-php-code-snippet\/shortcode-handler.php(99) : eval()'d code<\/b> on line <b>7<\/b><br \/>\nhttps:\/\/miadent.com\/en\/wp-content\/uploads\/2023\/02\/Mehmet-BULBUL-1.jpg\" alt=\"Prof. Dr. Mehmet B\u00fclb\u00fcl\" width=364 height=378 \/><\/a>\r\n                        <div class=\"info\"><a class=\"title\" href=\"https:\/\/miadent.com\/en\/doktorlarimiz\/doc-dr-mehmet-bulbul\/\" title=\"Prof. Dr. Mehmet B\u00fclb\u00fcl\">Prof. Dr. Mehmet B\u00fclb\u00fcl<\/a>\r\n                            <span class=\"parent\">Prosthodontist<\/span><\/div>\r\n            <\/li>\r\n                             <li class=\"filterDiv [acf field=\"basharf\"]\"><a class=image href=\"https:\/\/miadent.com\/en\/doktorlarimiz\/doc-dr-mehmet-kayasan\/\" title=\"Do\u00e7. Dr. Mehmet Kayasan\"><img decoding=\"async\" class=responsive-img src=\"<br \/>\n<b>Warning<\/b>:  Undefined variable $post_id in <b>\/home\/miadent\/public_html\/en\/wp-content\/plugins\/insert-php-code-snippet\/shortcode-handler.php(99) : eval()'d code<\/b> on line <b>7<\/b><br \/>\nhttps:\/\/miadent.com\/en\/wp-content\/uploads\/2023\/02\/Mehmet-KAYASAN-1.jpg\" alt=\"Do\u00e7. Dr. Mehmet Kayasan\" width=364 height=378 \/><\/a>\r\n                        <div class=\"info\"><a class=\"title\" href=\"https:\/\/miadent.com\/en\/doktorlarimiz\/doc-dr-mehmet-kayasan\/\" title=\"Do\u00e7. Dr. Mehmet Kayasan\">Do\u00e7. Dr. Mehmet Kayasan<\/a>\r\n                            <span class=\"parent\">Orthodontics Specialist<\/span><\/div>\r\n            <\/li>\r\n                             <li class=\"filterDiv [acf field=\"basharf\"]\"><a class=image href=\"https:\/\/miadent.com\/en\/doktorlarimiz\/sener-tan\/\" title=\"Dt. \u015eener Tan\"><img decoding=\"async\" class=responsive-img src=\"<br \/>\n<b>Warning<\/b>:  Undefined variable $post_id in <b>\/home\/miadent\/public_html\/en\/wp-content\/plugins\/insert-php-code-snippet\/shortcode-handler.php(99) : eval()'d code<\/b> on line <b>7<\/b><br \/>\nhttps:\/\/miadent.com\/en\/wp-content\/uploads\/2023\/02\/Sener-TAN-1.jpg\" alt=\"Dt. \u015eener Tan\" width=364 height=378 \/><\/a>\r\n                        <div class=\"info\"><a class=\"title\" href=\"https:\/\/miadent.com\/en\/doktorlarimiz\/sener-tan\/\" title=\"Dt. \u015eener Tan\">Dt. \u015eener Tan<\/a>\r\n                            <span class=\"parent\">Dentist<\/span><\/div>\r\n            <\/li>\r\n                             <li class=\"filterDiv [acf field=\"basharf\"]\"><a class=image href=\"https:\/\/miadent.com\/en\/doktorlarimiz\/dr-dt-olgu-demirci\/\" title=\"Dr. Dt. Olgu DEM\u0130RC\u0130\"><img decoding=\"async\" class=responsive-img src=\"<br \/>\n<b>Warning<\/b>:  Undefined variable $post_id in <b>\/home\/miadent\/public_html\/en\/wp-content\/plugins\/insert-php-code-snippet\/shortcode-handler.php(99) : eval()'d code<\/b> on line <b>7<\/b><br \/>\nhttps:\/\/miadent.com\/en\/wp-content\/uploads\/2023\/02\/Olgu-DEMIRCI-1.jpg\" alt=\"Dr. Dt. Olgu DEM\u0130RC\u0130\" width=364 height=378 \/><\/a>\r\n                        <div class=\"info\"><a class=\"title\" href=\"https:\/\/miadent.com\/en\/doktorlarimiz\/dr-dt-olgu-demirci\/\" title=\"Dr. Dt. Olgu DEM\u0130RC\u0130\">Dr. Dt. Olgu DEM\u0130RC\u0130<\/a>\r\n                            <span class=\"parent\">Pedodontics Specialist<\/span><\/div>\r\n            <\/li>\r\n                             <li class=\"filterDiv [acf field=\"basharf\"]\"><a class=image href=\"https:\/\/miadent.com\/en\/doktorlarimiz\/dr-dt-kadir-demir\/\" title=\"Dr. Dt. Kadir DEM\u0130R\"><img decoding=\"async\" class=responsive-img src=\"<br \/>\n<b>Warning<\/b>:  Undefined variable $post_id in <b>\/home\/miadent\/public_html\/en\/wp-content\/plugins\/insert-php-code-snippet\/shortcode-handler.php(99) : eval()'d code<\/b> on line <b>7<\/b><br \/>\nhttps:\/\/miadent.com\/en\/wp-content\/uploads\/2023\/02\/Kadir-DEMIR-1.jpg\" alt=\"Dr. Dt. Kadir DEM\u0130R\" width=364 height=378 \/><\/a>\r\n                        <div class=\"info\"><a class=\"title\" href=\"https:\/\/miadent.com\/en\/doktorlarimiz\/dr-dt-kadir-demir\/\" title=\"Dr. Dt. Kadir DEM\u0130R\">Dr. Dt. Kadir DEM\u0130R<\/a>\r\n                            <span class=\"parent\">Restorative Dental Specialist<\/span><\/div>\r\n            <\/li>\r\n                             <li class=\"filterDiv [acf field=\"basharf\"]\"><a class=image href=\"https:\/\/miadent.com\/en\/doktorlarimiz\/dt-muhammed-kahkeci\/\" title=\"Dt. Muhammed KAHKEC\u0130\"><img decoding=\"async\" class=responsive-img src=\"<br \/>\n<b>Warning<\/b>:  Undefined variable $post_id in <b>\/home\/miadent\/public_html\/en\/wp-content\/plugins\/insert-php-code-snippet\/shortcode-handler.php(99) : eval()'d code<\/b> on line <b>7<\/b><br \/>\nhttps:\/\/miadent.com\/en\/wp-content\/uploads\/2023\/02\/Muhammed-KAHKECI-1.jpg\" alt=\"Dt. Muhammed KAHKEC\u0130\" width=364 height=378 \/><\/a>\r\n                        <div class=\"info\"><a class=\"title\" href=\"https:\/\/miadent.com\/en\/doktorlarimiz\/dt-muhammed-kahkeci\/\" title=\"Dt. Muhammed KAHKEC\u0130\">Dt. Muhammed KAHKEC\u0130<\/a>\r\n                            <span class=\"parent\">Dentist<\/span><\/div>\r\n            <\/li>\r\n                             <li class=\"filterDiv [acf field=\"basharf\"]\"><a class=image href=\"https:\/\/miadent.com\/en\/doktorlarimiz\/dt-tugce-erol\/\" title=\"Dt. Tu\u011f\u00e7e EROL\"><img decoding=\"async\" class=responsive-img src=\"<br \/>\n<b>Warning<\/b>:  Undefined variable $post_id in <b>\/home\/miadent\/public_html\/en\/wp-content\/plugins\/insert-php-code-snippet\/shortcode-handler.php(99) : eval()'d code<\/b> on line <b>7<\/b><br \/>\nhttps:\/\/miadent.com\/en\/wp-content\/uploads\/2023\/02\/Tugce-EROL.jpg\" alt=\"Dt. Tu\u011f\u00e7e EROL\" width=364 height=378 \/><\/a>\r\n                        <div class=\"info\"><a class=\"title\" href=\"https:\/\/miadent.com\/en\/doktorlarimiz\/dt-tugce-erol\/\" title=\"Dt. Tu\u011f\u00e7e EROL\">Dt. Tu\u011f\u00e7e EROL<\/a>\r\n                            <span class=\"parent\">Dentist<\/span><\/div>\r\n            <\/li>\r\n                             <li class=\"filterDiv [acf field=\"basharf\"]\"><a class=image href=\"https:\/\/miadent.com\/en\/doktorlarimiz\/dt-tuba-salman\/\" title=\"Dt. Tuba SALMAN\"><img decoding=\"async\" class=responsive-img src=\"<br \/>\n<b>Warning<\/b>:  Undefined variable $post_id in <b>\/home\/miadent\/public_html\/en\/wp-content\/plugins\/insert-php-code-snippet\/shortcode-handler.php(99) : eval()'d code<\/b> on line <b>7<\/b><br \/>\nhttps:\/\/miadent.com\/en\/wp-content\/uploads\/2023\/02\/Tuba-SALMAN-1.jpg\" alt=\"Dt. Tuba SALMAN\" width=364 height=378 \/><\/a>\r\n                        <div class=\"info\"><a class=\"title\" href=\"https:\/\/miadent.com\/en\/doktorlarimiz\/dt-tuba-salman\/\" title=\"Dt. Tuba SALMAN\">Dt. Tuba SALMAN<\/a>\r\n                            <span class=\"parent\">Dentist<\/span><\/div>\r\n            <\/li>\r\n                             <li class=\"filterDiv [acf field=\"basharf\"]\"><a class=image href=\"https:\/\/miadent.com\/en\/doktorlarimiz\/dr-dt-tugce-gokturk\/\" title=\"Dr. Dt. Tu\u011f\u00e7e G\u00d6KT\u00dcRK\"><img decoding=\"async\" class=responsive-img src=\"<br \/>\n<b>Warning<\/b>:  Undefined variable $post_id in <b>\/home\/miadent\/public_html\/en\/wp-content\/plugins\/insert-php-code-snippet\/shortcode-handler.php(99) : eval()'d code<\/b> on line <b>7<\/b><br \/>\nhttps:\/\/miadent.com\/en\/wp-content\/uploads\/2023\/02\/Tugce-GOKTURK-1.jpg\" alt=\"Dr. Dt. Tu\u011f\u00e7e G\u00d6KT\u00dcRK\" width=364 height=378 \/><\/a>\r\n                        <div class=\"info\"><a class=\"title\" href=\"https:\/\/miadent.com\/en\/doktorlarimiz\/dr-dt-tugce-gokturk\/\" title=\"Dr. Dt. Tu\u011f\u00e7e G\u00d6KT\u00dcRK\">Dr. Dt. Tu\u011f\u00e7e G\u00d6KT\u00dcRK<\/a>\r\n                            <span class=\"parent\">Oral and Maxillofacial Surgery Specialist<\/span><\/div>\r\n            <\/li>\r\n                             <li class=\"filterDiv [acf field=\"basharf\"]\"><a class=image href=\"https:\/\/miadent.com\/en\/doktorlarimiz\/uzm-dr-gozde-ozcan\/\" title=\"Uzm. Dr. G\u00f6zde \u00d6zcan\"><img decoding=\"async\" class=responsive-img src=\"<br \/>\n<b>Warning<\/b>:  Undefined variable $post_id in <b>\/home\/miadent\/public_html\/en\/wp-content\/plugins\/insert-php-code-snippet\/shortcode-handler.php(99) : eval()'d code<\/b> on line <b>7<\/b><br \/>\nhttps:\/\/miadent.com\/en\/wp-content\/uploads\/2023\/02\/Gozde-OZCAN-1.jpg\" alt=\"Uzm. Dr. G\u00f6zde \u00d6zcan\" width=364 height=378 \/><\/a>\r\n                        <div class=\"info\"><a class=\"title\" href=\"https:\/\/miadent.com\/en\/doktorlarimiz\/uzm-dr-gozde-ozcan\/\" title=\"Uzm. Dr. G\u00f6zde \u00d6zcan\">Uzm. Dr. G\u00f6zde \u00d6zcan<\/a>\r\n                            <span class=\"parent\">Oral Diagnosis and Radiology<\/span><\/div>\r\n            <\/li>\r\n                                    \r\n    <\/ul>\n","protected":false},"excerpt":{"rendered":"","protected":false},"author":1,"featured_media":0,"parent":0,"menu_order":0,"comment_status":"closed","ping_status":"closed","template":"","meta":{"footnotes":""},"class_list":["post-281","page","type-page","status-publish","hentry"],"yoast_head":"<!-- This site is optimized with the Yoast SEO plugin v20.11 - https:\/\/yoast.com\/wordpress\/plugins\/seo\/ -->\n<title>DOCTORS - Miadent New Generation Dental Hospital<\/title>\n<meta name=\"robots\" content=\"index, follow, max-snippet:-1, max-image-preview:large, max-video-preview:-1\" \/>\n<link rel=\"canonical\" href=\"https:\/\/miadent.com\/en\/doctors\/\" \/>\n<meta property=\"og:locale\" content=\"tr_TR\" \/>\n<meta property=\"og:type\" content=\"article\" \/>\n<meta property=\"og:title\" content=\"DOCTORS - Miadent New Generation Dental Hospital\" \/>\n<meta property=\"og:url\" content=\"https:\/\/miadent.com\/en\/doctors\/\" \/>\n<meta property=\"og:site_name\" content=\"Miadent New Generation Dental Hospital\" \/>\n<meta property=\"article:publisher\" content=\"https:\/\/www.facebook.com\/miadentdis\/\" \/>\n<meta property=\"article:modified_time\" content=\"2024-03-19T21:40:40+00:00\" \/>\n<meta name=\"twitter:card\" content=\"summary_large_image\" \/>\n<script type=\"application\/ld+json\" class=\"yoast-schema-graph\">{\"@context\":\"https:\/\/schema.org\",\"@graph\":[{\"@type\":\"WebPage\",\"@id\":\"https:\/\/miadent.com\/en\/doctors\/\",\"url\":\"https:\/\/miadent.com\/en\/doctors\/\",\"name\":\"DOCTORS - Miadent New Generation Dental Hospital\",\"isPartOf\":{\"@id\":\"https:\/\/miadent.com\/en\/#website\"},\"datePublished\":\"2023-03-02T11:23:15+00:00\",\"dateModified\":\"2024-03-19T21:40:40+00:00\",\"breadcrumb\":{\"@id\":\"https:\/\/miadent.com\/en\/doctors\/#breadcrumb\"},\"inLanguage\":\"tr\",\"potentialAction\":[{\"@type\":\"ReadAction\",\"target\":[\"https:\/\/miadent.com\/en\/doctors\/\"]}]},{\"@type\":\"BreadcrumbList\",\"@id\":\"https:\/\/miadent.com\/en\/doctors\/#breadcrumb\",\"itemListElement\":[{\"@type\":\"ListItem\",\"position\":1,\"name\":\"Anasayfa\",\"item\":\"https:\/\/miadent.com\/en\/\"},{\"@type\":\"ListItem\",\"position\":2,\"name\":\"DOCTORS\"}]},{\"@type\":\"WebSite\",\"@id\":\"https:\/\/miadent.com\/en\/#website\",\"url\":\"https:\/\/miadent.com\/en\/\",\"name\":\"Miadent\",\"description\":\"Ankara Dental Hospital\",\"publisher\":{\"@id\":\"https:\/\/miadent.com\/en\/#organization\"},\"potentialAction\":[{\"@type\":\"SearchAction\",\"target\":{\"@type\":\"EntryPoint\",\"urlTemplate\":\"https:\/\/miadent.com\/en\/?s={search_term_string}\"},\"query-input\":\"required name=search_term_string\"}],\"inLanguage\":\"tr\"},{\"@type\":\"Organization\",\"@id\":\"https:\/\/miadent.com\/en\/#organization\",\"name\":\"Yeni Nesil Di\u015f Hastanesi\",\"url\":\"https:\/\/miadent.com\/en\/\",\"logo\":{\"@type\":\"ImageObject\",\"inLanguage\":\"tr\",\"@id\":\"https:\/\/miadent.com\/en\/#\/schema\/logo\/image\/\",\"url\":\"https:\/\/miadent.com\/en\/wp-content\/uploads\/2023\/03\/miadent_logo.png\",\"contentUrl\":\"https:\/\/miadent.com\/en\/wp-content\/uploads\/2023\/03\/miadent_logo.png\",\"width\":512,\"height\":512,\"caption\":\"Yeni Nesil Di\u015f Hastanesi\"},\"image\":{\"@id\":\"https:\/\/miadent.com\/en\/#\/schema\/logo\/image\/\"},\"sameAs\":[\"https:\/\/www.facebook.com\/miadentdis\/\"]}]}<\/script>\n<!-- \/ Yoast SEO plugin. -->","yoast_head_json":{"title":"DOCTORS - Miadent New Generation Dental Hospital","robots":{"index":"index","follow":"follow","max-snippet":"max-snippet:-1","max-image-preview":"max-image-preview:large","max-video-preview":"max-video-preview:-1"},"canonical":"https:\/\/miadent.com\/en\/doctors\/","og_locale":"tr_TR","og_type":"article","og_title":"DOCTORS - Miadent New Generation Dental Hospital","og_url":"https:\/\/miadent.com\/en\/doctors\/","og_site_name":"Miadent New Generation Dental Hospital","article_publisher":"https:\/\/www.facebook.com\/miadentdis\/","article_modified_time":"2024-03-19T21:40:40+00:00","twitter_card":"summary_large_image","schema":{"@context":"https:\/\/schema.org","@graph":[{"@type":"WebPage","@id":"https:\/\/miadent.com\/en\/doctors\/","url":"https:\/\/miadent.com\/en\/doctors\/","name":"DOCTORS - Miadent New Generation Dental Hospital","isPartOf":{"@id":"https:\/\/miadent.com\/en\/#website"},"datePublished":"2023-03-02T11:23:15+00:00","dateModified":"2024-03-19T21:40:40+00:00","breadcrumb":{"@id":"https:\/\/miadent.com\/en\/doctors\/#breadcrumb"},"inLanguage":"tr","potentialAction":[{"@type":"ReadAction","target":["https:\/\/miadent.com\/en\/doctors\/"]}]},{"@type":"BreadcrumbList","@id":"https:\/\/miadent.com\/en\/doctors\/#breadcrumb","itemListElement":[{"@type":"ListItem","position":1,"name":"Anasayfa","item":"https:\/\/miadent.com\/en\/"},{"@type":"ListItem","position":2,"name":"DOCTORS"}]},{"@type":"WebSite","@id":"https:\/\/miadent.com\/en\/#website","url":"https:\/\/miadent.com\/en\/","name":"Miadent","description":"Ankara Dental Hospital","publisher":{"@id":"https:\/\/miadent.com\/en\/#organization"},"potentialAction":[{"@type":"SearchAction","target":{"@type":"EntryPoint","urlTemplate":"https:\/\/miadent.com\/en\/?s={search_term_string}"},"query-input":"required name=search_term_string"}],"inLanguage":"tr"},{"@type":"Organization","@id":"https:\/\/miadent.com\/en\/#organization","name":"Yeni Nesil Di\u015f Hastanesi","url":"https:\/\/miadent.com\/en\/","logo":{"@type":"ImageObject","inLanguage":"tr","@id":"https:\/\/miadent.com\/en\/#\/schema\/logo\/image\/","url":"https:\/\/miadent.com\/en\/wp-content\/uploads\/2023\/03\/miadent_logo.png","contentUrl":"https:\/\/miadent.com\/en\/wp-content\/uploads\/2023\/03\/miadent_logo.png","width":512,"height":512,"caption":"Yeni Nesil Di\u015f Hastanesi"},"image":{"@id":"https:\/\/miadent.com\/en\/#\/schema\/logo\/image\/"},"sameAs":["https:\/\/www.facebook.com\/miadentdis\/"]}]}},"_links":{"self":[{"href":"https:\/\/miadent.com\/en\/wp-json\/wp\/v2\/pages\/281","targetHints":{"allow":["GET"]}}],"collection":[{"href":"https:\/\/miadent.com\/en\/wp-json\/wp\/v2\/pages"}],"about":[{"href":"https:\/\/miadent.com\/en\/wp-json\/wp\/v2\/types\/page"}],"author":[{"embeddable":true,"href":"https:\/\/miadent.com\/en\/wp-json\/wp\/v2\/users\/1"}],"replies":[{"embeddable":true,"href":"https:\/\/miadent.com\/en\/wp-json\/wp\/v2\/comments?post=281"}],"version-history":[{"count":2,"href":"https:\/\/miadent.com\/en\/wp-json\/wp\/v2\/pages\/281\/revisions"}],"predecessor-version":[{"id":352,"href":"https:\/\/miadent.com\/en\/wp-json\/wp\/v2\/pages\/281\/revisions\/352"}],"wp:attachment":[{"href":"https:\/\/miadent.com\/en\/wp-json\/wp\/v2\/media?parent=281"}],"curies":[{"name":"wp","href":"https:\/\/api.w.org\/{rel}","templated":true}]}}