{"id":232,"date":"2023-03-02T07:10:00","date_gmt":"2023-03-02T07:10:00","guid":{"rendered":"https:\/\/erenebrinc.com.tr\/?page_id=232"},"modified":"2024-03-20T03:55:40","modified_gmt":"2024-03-20T03:55:40","slug":"contact-us","status":"publish","type":"page","link":"https:\/\/miadent.com\/en\/contact-us\/","title":{"rendered":"CONTACT US"},"content":{"rendered":"\r\n<div class=\"wp-block-columns is-layout-flex wp-container-core-columns-is-layout-9d6595d7 wp-block-columns-is-layout-flex\">\r\n<div class=\"wp-block-column is-layout-flow wp-block-column-is-layout-flow\">\r\n<h3 class=\"wp-block-heading\"><strong>Miadent Merkez<\/strong><\/h3>\r\n\r\n\r\n\r\n<p><strong>Address : <\/strong>\u00c7etin Eme\u00e7 Bulvar\u0131 No:69 \u00c7ankaya\/ANKARA<br \/><strong>Tel :<\/strong> <a href=\"tel:444 5 642\">444 5 642<\/a><\/p>\r\n\r\n\r\n <iframe loading=\"lazy\" style=\"border: 0;\" src=\"https:\/\/www.google.com\/maps\/embed?pb=!1m18!1m12!1m3!1d2649.497624323165!2d32.82440772796834!3d39.894298234969135!2m3!1f0!2f0!3f0!3m2!1i1024!2i768!4f13.1!3m3!1m2!1s0x14d34f542778e1bd%3A0x5351093867eec93f!2zTWlhZGVudCBBxJ_EsXogVmUgRGnFnyBTYcSfbMSxxJ_EsSBNZXJrZXpp!5e0!3m2!1str!2str!4v1689103109256!5m2!1str!2str\" width=\"100%\" height=\"450\" allowfullscreen=\"allowfullscreen\"><\/iframe> <\/div>\r\n\r\n\r\n\r\n<div class=\"wp-block-column is-layout-flow wp-block-column-is-layout-flow\">\r\n<h3 class=\"wp-block-heading\"><strong>Miadent Ka\u015fmir<\/strong><\/h3>\r\n\r\n\r\n\r\n<p><strong>Address : <\/strong>G\u00f6ksu Mah. Ka\u015fmir Center AVM Etimesgut \/ ANKARA<br \/><strong>Tel :<\/strong> <a href=\"tel:444 5 642\">444 5 642<\/a><\/p>\r\n\r\n\r\n <iframe loading=\"lazy\" style=\"border: 0;\" src=\"https:\/\/www.google.com\/maps\/embed?pb=!1m18!1m12!1m3!1d3056.811283880505!2d32.640618393310305!3d39.99032247004864!2m3!1f0!2f0!3f0!3m2!1i1024!2i768!4f13.1!3m3!1m2!1s0x14d337c14f7a03c5%3A0xe9cbe95526c6e4ad!2zTWlhZGVudCBBxJ_EsXogdmUgRGnFnyBTYcSfbMSxxJ_EsSBNZXJrZXpp!5e0!3m2!1str!2str!4v1689103157555!5m2!1str!2str\" width=\"100%\" height=\"450\" allowfullscreen=\"allowfullscreen\"><\/iframe> <\/div>\r\n<\/div>\r\n","protected":false},"excerpt":{"rendered":"<p>Miadent Merkez Address : \u00c7etin Eme\u00e7 Bulvar\u0131 No:69 \u00c7ankaya\/ANKARATel : 444 5 642 Miadent Ka\u015fmir Address : G\u00f6ksu Mah. Ka\u015fmir Center AVM Etimesgut \/ ANKARATel : 444 5 642<\/p>\n","protected":false},"author":1,"featured_media":0,"parent":0,"menu_order":0,"comment_status":"closed","ping_status":"closed","template":"","meta":{"footnotes":""},"class_list":["post-232","page","type-page","status-publish","hentry"],"yoast_head":"<!-- This site is optimized with the Yoast SEO plugin v20.11 - https:\/\/yoast.com\/wordpress\/plugins\/seo\/ -->\n<title>CONTACT US - Miadent New Generation Dental Hospital<\/title>\n<meta name=\"robots\" content=\"index, follow, max-snippet:-1, max-image-preview:large, max-video-preview:-1\" \/>\n<link rel=\"canonical\" href=\"https:\/\/miadent.com\/en\/contact-us\/\" \/>\n<meta property=\"og:locale\" content=\"tr_TR\" \/>\n<meta property=\"og:type\" content=\"article\" \/>\n<meta property=\"og:title\" content=\"CONTACT US - Miadent New Generation Dental Hospital\" \/>\n<meta property=\"og:description\" content=\"Miadent Merkez Address : \u00c7etin Eme\u00e7 Bulvar\u0131 No:69 \u00c7ankaya\/ANKARATel : 444 5 642 Miadent Ka\u015fmir Address : G\u00f6ksu Mah. Ka\u015fmir Center AVM Etimesgut \/ ANKARATel : 444 5 642\" \/>\n<meta property=\"og:url\" content=\"https:\/\/miadent.com\/en\/contact-us\/\" \/>\n<meta property=\"og:site_name\" content=\"Miadent New Generation Dental Hospital\" \/>\n<meta property=\"article:publisher\" content=\"https:\/\/www.facebook.com\/miadentdis\/\" \/>\n<meta property=\"article:modified_time\" content=\"2024-03-20T03:55:40+00:00\" \/>\n<meta name=\"twitter:card\" content=\"summary_large_image\" \/>\n<meta name=\"twitter:label1\" content=\"Tahmini okuma s\u00fcresi\" \/>\n\t<meta name=\"twitter:data1\" content=\"1 dakika\" \/>\n<script type=\"application\/ld+json\" class=\"yoast-schema-graph\">{\"@context\":\"https:\/\/schema.org\",\"@graph\":[{\"@type\":\"WebPage\",\"@id\":\"https:\/\/miadent.com\/en\/contact-us\/\",\"url\":\"https:\/\/miadent.com\/en\/contact-us\/\",\"name\":\"CONTACT US - Miadent New Generation Dental Hospital\",\"isPartOf\":{\"@id\":\"https:\/\/miadent.com\/en\/#website\"},\"datePublished\":\"2023-03-02T07:10:00+00:00\",\"dateModified\":\"2024-03-20T03:55:40+00:00\",\"breadcrumb\":{\"@id\":\"https:\/\/miadent.com\/en\/contact-us\/#breadcrumb\"},\"inLanguage\":\"tr\",\"potentialAction\":[{\"@type\":\"ReadAction\",\"target\":[\"https:\/\/miadent.com\/en\/contact-us\/\"]}]},{\"@type\":\"BreadcrumbList\",\"@id\":\"https:\/\/miadent.com\/en\/contact-us\/#breadcrumb\",\"itemListElement\":[{\"@type\":\"ListItem\",\"position\":1,\"name\":\"Anasayfa\",\"item\":\"https:\/\/miadent.com\/en\/\"},{\"@type\":\"ListItem\",\"position\":2,\"name\":\"CONTACT US\"}]},{\"@type\":\"WebSite\",\"@id\":\"https:\/\/miadent.com\/en\/#website\",\"url\":\"https:\/\/miadent.com\/en\/\",\"name\":\"Miadent\",\"description\":\"Ankara Dental Hospital\",\"publisher\":{\"@id\":\"https:\/\/miadent.com\/en\/#organization\"},\"potentialAction\":[{\"@type\":\"SearchAction\",\"target\":{\"@type\":\"EntryPoint\",\"urlTemplate\":\"https:\/\/miadent.com\/en\/?s={search_term_string}\"},\"query-input\":\"required name=search_term_string\"}],\"inLanguage\":\"tr\"},{\"@type\":\"Organization\",\"@id\":\"https:\/\/miadent.com\/en\/#organization\",\"name\":\"Yeni Nesil Di\u015f Hastanesi\",\"url\":\"https:\/\/miadent.com\/en\/\",\"logo\":{\"@type\":\"ImageObject\",\"inLanguage\":\"tr\",\"@id\":\"https:\/\/miadent.com\/en\/#\/schema\/logo\/image\/\",\"url\":\"https:\/\/miadent.com\/en\/wp-content\/uploads\/2023\/03\/miadent_logo.png\",\"contentUrl\":\"https:\/\/miadent.com\/en\/wp-content\/uploads\/2023\/03\/miadent_logo.png\",\"width\":512,\"height\":512,\"caption\":\"Yeni Nesil Di\u015f Hastanesi\"},\"image\":{\"@id\":\"https:\/\/miadent.com\/en\/#\/schema\/logo\/image\/\"},\"sameAs\":[\"https:\/\/www.facebook.com\/miadentdis\/\"]}]}<\/script>\n<!-- \/ Yoast SEO plugin. -->","yoast_head_json":{"title":"CONTACT US - Miadent New Generation Dental Hospital","robots":{"index":"index","follow":"follow","max-snippet":"max-snippet:-1","max-image-preview":"max-image-preview:large","max-video-preview":"max-video-preview:-1"},"canonical":"https:\/\/miadent.com\/en\/contact-us\/","og_locale":"tr_TR","og_type":"article","og_title":"CONTACT US - Miadent New Generation Dental Hospital","og_description":"Miadent Merkez Address : \u00c7etin Eme\u00e7 Bulvar\u0131 No:69 \u00c7ankaya\/ANKARATel : 444 5 642 Miadent Ka\u015fmir Address : G\u00f6ksu Mah. Ka\u015fmir Center AVM Etimesgut \/ ANKARATel : 444 5 642","og_url":"https:\/\/miadent.com\/en\/contact-us\/","og_site_name":"Miadent New Generation Dental Hospital","article_publisher":"https:\/\/www.facebook.com\/miadentdis\/","article_modified_time":"2024-03-20T03:55:40+00:00","twitter_card":"summary_large_image","twitter_misc":{"Tahmini okuma s\u00fcresi":"1 dakika"},"schema":{"@context":"https:\/\/schema.org","@graph":[{"@type":"WebPage","@id":"https:\/\/miadent.com\/en\/contact-us\/","url":"https:\/\/miadent.com\/en\/contact-us\/","name":"CONTACT US - Miadent New Generation Dental Hospital","isPartOf":{"@id":"https:\/\/miadent.com\/en\/#website"},"datePublished":"2023-03-02T07:10:00+00:00","dateModified":"2024-03-20T03:55:40+00:00","breadcrumb":{"@id":"https:\/\/miadent.com\/en\/contact-us\/#breadcrumb"},"inLanguage":"tr","potentialAction":[{"@type":"ReadAction","target":["https:\/\/miadent.com\/en\/contact-us\/"]}]},{"@type":"BreadcrumbList","@id":"https:\/\/miadent.com\/en\/contact-us\/#breadcrumb","itemListElement":[{"@type":"ListItem","position":1,"name":"Anasayfa","item":"https:\/\/miadent.com\/en\/"},{"@type":"ListItem","position":2,"name":"CONTACT US"}]},{"@type":"WebSite","@id":"https:\/\/miadent.com\/en\/#website","url":"https:\/\/miadent.com\/en\/","name":"Miadent","description":"Ankara Dental Hospital","publisher":{"@id":"https:\/\/miadent.com\/en\/#organization"},"potentialAction":[{"@type":"SearchAction","target":{"@type":"EntryPoint","urlTemplate":"https:\/\/miadent.com\/en\/?s={search_term_string}"},"query-input":"required name=search_term_string"}],"inLanguage":"tr"},{"@type":"Organization","@id":"https:\/\/miadent.com\/en\/#organization","name":"Yeni Nesil Di\u015f Hastanesi","url":"https:\/\/miadent.com\/en\/","logo":{"@type":"ImageObject","inLanguage":"tr","@id":"https:\/\/miadent.com\/en\/#\/schema\/logo\/image\/","url":"https:\/\/miadent.com\/en\/wp-content\/uploads\/2023\/03\/miadent_logo.png","contentUrl":"https:\/\/miadent.com\/en\/wp-content\/uploads\/2023\/03\/miadent_logo.png","width":512,"height":512,"caption":"Yeni Nesil Di\u015f Hastanesi"},"image":{"@id":"https:\/\/miadent.com\/en\/#\/schema\/logo\/image\/"},"sameAs":["https:\/\/www.facebook.com\/miadentdis\/"]}]}},"_links":{"self":[{"href":"https:\/\/miadent.com\/en\/wp-json\/wp\/v2\/pages\/232","targetHints":{"allow":["GET"]}}],"collection":[{"href":"https:\/\/miadent.com\/en\/wp-json\/wp\/v2\/pages"}],"about":[{"href":"https:\/\/miadent.com\/en\/wp-json\/wp\/v2\/types\/page"}],"author":[{"embeddable":true,"href":"https:\/\/miadent.com\/en\/wp-json\/wp\/v2\/users\/1"}],"replies":[{"embeddable":true,"href":"https:\/\/miadent.com\/en\/wp-json\/wp\/v2\/comments?post=232"}],"version-history":[{"count":8,"href":"https:\/\/miadent.com\/en\/wp-json\/wp\/v2\/pages\/232\/revisions"}],"predecessor-version":[{"id":365,"href":"https:\/\/miadent.com\/en\/wp-json\/wp\/v2\/pages\/232\/revisions\/365"}],"wp:attachment":[{"href":"https:\/\/miadent.com\/en\/wp-json\/wp\/v2\/media?parent=232"}],"curies":[{"name":"wp","href":"https:\/\/api.w.org\/{rel}","templated":true}]}}